{"id":66,"date":"2014-08-25T14:35:13","date_gmt":"2014-08-25T14:35:13","guid":{"rendered":"http:\/\/192.168.1.104\/enfold-photography\/?page_id=8"},"modified":"2014-08-25T14:35:13","modified_gmt":"2014-08-25T14:35:13","slug":"blog","status":"publish","type":"page","link":"https:\/\/marionaroca.net\/?page_id=66","title":{"rendered":"Blog"},"content":{"rendered":"<div id='av-masonry-1' class='av-masonry noHover av-fixed-size av-large-gap av-hover-overlay-active av-masonry-col-flexible av-caption-always av-caption-style-    '  ><div class='av-masonry-container isotope av-js-disabled ' ><div class='av-masonry-entry isotope-item av-masonry-item-no-image all_sort general_sort '><\/div><a href=\"https:\/\/marionaroca.net\/?p=3642\" id='av-masonry-1-item-3642' data-av-masonry-item='3642' class='av-masonry-entry isotope-item post-3642 post type-post status-publish format-standard has-post-thumbnail hentry category-general all_sort general_sort  av-masonry-item-with-image av-grid-img' title=\"La reforma de l&#8217;antic Hotel Cliper de Platja d&#8217;Aro, finalista dels Premis d&#8217;Arquitectura de Girona 2019\"  itemscope=\"itemscope\" itemtype=\"https:\/\/schema.org\/CreativeWork\" ><div class='av-inner-masonry-sizer'><\/div><figure class='av-inner-masonry main_color'><div class=\"av-masonry-outerimage-container\"><div class=\"av-masonry-image-container\" style=\"background-image: url(https:\/\/marionaroca.net\/wp-content\/uploads\/2018\/11\/DSC5814-705x471.jpg);\"><img src=\"https:\/\/marionaroca.net\/wp-content\/uploads\/2018\/11\/DSC5814-705x471.jpg\" title=\"_DSC5814\" alt=\"\" \/><\/div><\/div><figcaption class='av-inner-masonry-content site-background'><div class='av-inner-masonry-content-pos'><div class='av-inner-masonry-content-pos-content'><div class='avia-arrow'><\/div><h3 class='av-masonry-entry-title entry-title'  itemprop=\"headline\" >La reforma de l&#8217;antic Hotel Cliper de Platja d&#8217;Aro, finalista dels Premis d&#8217;Arquitectura de Girona 2019<\/h3><div class='av-masonry-entry-content entry-content'  itemprop=\"text\" >http:\/\/premisarquitecturagirona.cat\/seleccionats-2019\/<\/div><span class='av-masonry-date meta-color updated'>22\/05\/2019<\/span><span class=\"av-masonry-text-sep text-sep-author\">\/<\/span><span class='av-masonry-author meta-color vcard author'><span class='fn'>by jordi<\/span><\/span><\/div><\/div><\/figcaption><\/figure><\/a><!--end av-masonry entry--><a href=\"https:\/\/marionaroca.net\/?p=3131\" id='av-masonry-1-item-3131' data-av-masonry-item='3131' class='av-masonry-entry isotope-item post-3131 post type-post status-publish format-standard hentry category-general all_sort general_sort  av-masonry-item-no-image' title=\"L&#8217;aparellador, t\u00e8cnic de cap\u00e7alera.\"  itemscope=\"itemscope\" itemtype=\"https:\/\/schema.org\/CreativeWork\" ><div class='av-inner-masonry-sizer'><\/div><figure class='av-inner-masonry main_color'><figcaption class='av-inner-masonry-content site-background'><div class='av-inner-masonry-content-pos'><div class='av-inner-masonry-content-pos-content'><div class='avia-arrow'><\/div><h3 class='av-masonry-entry-title entry-title'  itemprop=\"headline\" >L&#8217;aparellador, t\u00e8cnic de cap\u00e7alera.<\/h3><div class='av-masonry-entry-content entry-content'  itemprop=\"text\" >El t\u00e8cnic de cap\u00e7alera \u00e9s el professional de confian\u00e7a\u2026<\/div><span class='av-masonry-date meta-color updated'>22\/02\/2018<\/span><span class=\"av-masonry-text-sep text-sep-author\">\/<\/span><span class='av-masonry-author meta-color vcard author'><span class='fn'>by jordi<\/span><\/span><\/div><\/div><\/figcaption><\/figure><\/a><!--end av-masonry entry--><a href=\"https:\/\/marionaroca.net\/?p=3031\" id='av-masonry-1-item-3031' data-av-masonry-item='3031' class='av-masonry-entry isotope-item post-3031 post type-post status-publish format-standard hentry category-general all_sort general_sort  av-masonry-item-no-image' title=\"Certificats d&#8217;habitatge usat\"  itemscope=\"itemscope\" itemtype=\"https:\/\/schema.org\/CreativeWork\" ><div class='av-inner-masonry-sizer'><\/div><figure class='av-inner-masonry main_color'><figcaption class='av-inner-masonry-content site-background'><div class='av-inner-masonry-content-pos'><div class='av-inner-masonry-content-pos-content'><div class='avia-arrow'><\/div><h3 class='av-masonry-entry-title entry-title'  itemprop=\"headline\" >Certificats d&#8217;habitatge usat<\/h3><div class='av-masonry-entry-content entry-content'  itemprop=\"text\" >\u00c9s el document necessari per obtenir la c\u00e8dula d'habitabilitat,\u2026<\/div><span class='av-masonry-date meta-color updated'>19\/02\/2018<\/span><span class=\"av-masonry-text-sep text-sep-author\">\/<\/span><span class='av-masonry-author meta-color vcard author'><span class='fn'>by jordi<\/span><\/span><\/div><\/div><\/figcaption><\/figure><\/a><!--end av-masonry entry--><a href=\"https:\/\/marionaroca.net\/?p=3028\" id='av-masonry-1-item-3028' data-av-masonry-item='3028' class='av-masonry-entry isotope-item post-3028 post type-post status-publish format-standard hentry category-general all_sort general_sort  av-masonry-item-no-image' title=\"Certificaci\u00f3 d&#8217;efici\u00e8ncia energ\u00e8tica\"  itemscope=\"itemscope\" itemtype=\"https:\/\/schema.org\/CreativeWork\" ><div class='av-inner-masonry-sizer'><\/div><figure class='av-inner-masonry main_color'><figcaption class='av-inner-masonry-content site-background'><div class='av-inner-masonry-content-pos'><div class='av-inner-masonry-content-pos-content'><div class='avia-arrow'><\/div><h3 class='av-masonry-entry-title entry-title'  itemprop=\"headline\" >Certificaci\u00f3 d&#8217;efici\u00e8ncia energ\u00e8tica<\/h3><div class='av-masonry-entry-content entry-content'  itemprop=\"text\" >Tots els edificis de nova construcci\u00f3 i els edificis existents\u2026<\/div><span class='av-masonry-date meta-color updated'>19\/02\/2018<\/span><span class=\"av-masonry-text-sep text-sep-author\">\/<\/span><span class='av-masonry-author meta-color vcard author'><span class='fn'>by jordi<\/span><\/span><\/div><\/div><\/figcaption><\/figure><\/a><!--end av-masonry entry--><a href=\"https:\/\/marionaroca.net\/?p=3024\" id='av-masonry-1-item-3024' data-av-masonry-item='3024' class='av-masonry-entry isotope-item post-3024 post type-post status-publish format-standard hentry category-general all_sort general_sort  av-masonry-item-no-image' title=\"Qu\u00e8 \u00e9s un aparellador o arquitecte t\u00e8cnic?\"  itemscope=\"itemscope\" itemtype=\"https:\/\/schema.org\/CreativeWork\" ><div class='av-inner-masonry-sizer'><\/div><figure class='av-inner-masonry main_color'><figcaption class='av-inner-masonry-content site-background'><div class='av-inner-masonry-content-pos'><div class='av-inner-masonry-content-pos-content'><div class='avia-arrow'><\/div><h3 class='av-masonry-entry-title entry-title'  itemprop=\"headline\" >Qu\u00e8 \u00e9s un aparellador o arquitecte t\u00e8cnic?<\/h3><div class='av-masonry-entry-content entry-content'  itemprop=\"text\" >Els aparelladors, els arquitectes t\u00e8cnics o enginyers d\u2019edificaci\u00f3\u2026<\/div><span class='av-masonry-date meta-color updated'>19\/02\/2018<\/span><span class=\"av-masonry-text-sep text-sep-author\">\/<\/span><span class='av-masonry-author meta-color vcard author'><span class='fn'>by jordi<\/span><\/span><\/div><\/div><\/figcaption><\/figure><\/a><!--end av-masonry entry--><\/div><\/div>\n","protected":false},"excerpt":{"rendered":"","protected":false},"author":1,"featured_media":0,"parent":0,"menu_order":0,"comment_status":"open","ping_status":"open","template":"","meta":[],"_links":{"self":[{"href":"https:\/\/marionaroca.net\/index.php?rest_route=\/wp\/v2\/pages\/66"}],"collection":[{"href":"https:\/\/marionaroca.net\/index.php?rest_route=\/wp\/v2\/pages"}],"about":[{"href":"https:\/\/marionaroca.net\/index.php?rest_route=\/wp\/v2\/types\/page"}],"author":[{"embeddable":true,"href":"https:\/\/marionaroca.net\/index.php?rest_route=\/wp\/v2\/users\/1"}],"replies":[{"embeddable":true,"href":"https:\/\/marionaroca.net\/index.php?rest_route=%2Fwp%2Fv2%2Fcomments&post=66"}],"version-history":[{"count":1,"href":"https:\/\/marionaroca.net\/index.php?rest_route=\/wp\/v2\/pages\/66\/revisions"}],"predecessor-version":[{"id":3023,"href":"https:\/\/marionaroca.net\/index.php?rest_route=\/wp\/v2\/pages\/66\/revisions\/3023"}],"wp:attachment":[{"href":"https:\/\/marionaroca.net\/index.php?rest_route=%2Fwp%2Fv2%2Fmedia&parent=66"}],"curies":[{"name":"wp","href":"https:\/\/api.w.org\/{rel}","templated":true}]}}