{"id":21,"date":"2014-09-26T17:23:32","date_gmt":"2014-09-26T17:23:32","guid":{"rendered":"http:\/\/192.168.1.104\/enfold-photography\/?page_id=21"},"modified":"2023-02-26T12:25:13","modified_gmt":"2023-02-26T11:25:13","slug":"about","status":"publish","type":"page","link":"https:\/\/marionaroca.net\/?page_id=21","title":{"rendered":"About"},"content":{"rendered":"<div class=\"flex_column av_one_third  flex_column_div av-zero-column-padding first  \" style='border-radius:0px; '><\/div>\n<\/div><\/div><\/div><!-- close content main div --><\/div><\/div><div id='full_slider_1' class='avia-fullwidth-slider main_color avia-shadow   container_wrap fullsize'   ><div  data-size='featured'  data-lightbox_size='large'  data-animation='fade'  data-ids='3300'  data-video_counter='0'  data-autoplay='false'  data-bg_slider='false'  data-slide_height=''  data-handle='av_slideshow_full'  data-interval='5'  data-class=' image_no_stretch'  data-css_id=''  data-scroll_down=''  data-control_layout='av-control-minimal'  data-custom_markup=''  data-perma_caption=''  data-autoplay_stopper=''  data-image_attachment=''  data-min_height='0px'  data-src=''  data-position='top left'  data-repeat='no-repeat'  data-attach='scroll'  data-stretch='image_no_stretch'  data-default-height='28.666666666667'  class='avia-slideshow avia-slideshow-1  av-control-minimal av-default-height-applied avia-slideshow-featured av_slideshow_full  image_no_stretch avia-fade-slider '  itemprop=\"ImageObject\" itemscope=\"itemscope\" itemtype=\"https:\/\/schema.org\/ImageObject\" ><ul class='avia-slideshow-inner' style='padding-bottom: 28.666666666667%;'><li  class=' av-single-slide slide-1 ' ><div data-rel='slideshow-1' class='avia-slide-wrap'  ><div class = \"caption_fullwidth av-slideshow-caption caption_right\"><div class = \"container caption_container\"><div class = \"slideshow_caption\"><div class = \"slideshow_inner_caption\"><div class = \"slideshow_align_caption\"><h2  style='color:#860606; ' class='avia-caption-title '  itemprop=\"name\" >Mariona Roca Mic\u00f3<\/h2><div class='avia-caption-content  '  itemprop=\"description\"  ><p>arquitecta t\u00e8cnica<\/p>\n<\/div><\/div><\/div><\/div><\/div><\/div><img src='https:\/\/marionaroca.net\/wp-content\/uploads\/2018\/02\/QuiSoc2.jpg' width='1500' height='430' title='QuiSoc2' alt=''  itemprop=\"thumbnailUrl\"   \/><\/div><\/li><\/ul><\/div><\/div>\n<\/div><\/div><\/div><!-- close content main div --><\/div><\/div><div id='av-layout-grid-1' class='av-layout-grid-container entry-content-wrapper main_color av-flex-cells    container_wrap fullsize'   >\n<div class=\"flex_cell no_margin av_one_third   \" style='vertical-align:top; padding:30px; '><div class='flex_cell_inner' ><p><div style='padding-bottom:10px;' class='av-special-heading av-special-heading-h3     '><h3 class='av-special-heading-tag '  itemprop=\"headline\"  >Qui soc \/ Qu\u00e8 faig<\/h3><div class='special-heading-border'><div class='special-heading-inner-border' ><\/div><\/div><\/div><br \/>\n<section class=\"av_textblock_section \"  itemscope=\"itemscope\" itemtype=\"https:\/\/schema.org\/CreativeWork\" ><div class='avia_textblock  '   itemprop=\"text\" ><p>Soc arquitecta t\u00e8cnica i enginyera d&#8217;edificaci\u00f3, i tinc despatx professional a Sant Feliu de Gu\u00edxols.<\/p>\n<p>Em dedico principalment a la direcci\u00f3 de l&#8217;execuci\u00f3 material de l&#8217;obra, el control de qualitat i la seguretat de l&#8217;obra.<\/p>\n<p>Aquests treballs comporten des de l&#8217;assist\u00e8ncia i col.laboraci\u00f3 en el projecte amb l&#8217;arquitecte, passant per la correcta execuci\u00f3 dels treballs, l&#8217;elaboraci\u00f3 de comparatius de pressupostos i el seguiment econ\u00f2mic de l&#8217;obra.<\/p>\n<p>Des de sempre, el meu radio de treball ha estat molt petit, ja que considero que \u00e9s molt important que l&#8217;arquitecta t\u00e8cnica estigui propera a l&#8217;obra, per &nbsp;a poder realitzar un seguiment adaptat al ritme i necessitats de l&#8217;obra.<\/p>\n<p>Principalment he treballat en obres d&#8217;habitatges unifamiliars i plurifamiliars, per\u00f2 tamb\u00e9 he realitzat obra p\u00fablica, comercial i hotelera.<\/p>\n<p>A part, tamb\u00e9 realitzo projectes t\u00e8cnics de locals comercials, piscines i obres de reforma interior, aix\u00ed com reformes i rehabilitacions en edificis de comunitats de propietaris.<\/p>\n<p>Tramito c\u00e8dules habitabilitat i certificats energ\u00e8tics.<\/p>\n<p>Mariona Roca Mic\u00f3, arquitecta t\u00e8cnica<\/p>\n<\/div><\/section><\/p>\n<\/div><\/div><div class=\"flex_cell no_margin av_one_third   \" style='vertical-align:top; padding:30px; background-color:#f7f7f7; '><div class='flex_cell_inner' ><p><div style='padding-bottom:10px;' class='av-special-heading av-special-heading-h3     '><h3 class='av-special-heading-tag '  itemprop=\"headline\"  >Quien soy \/ Que hago<\/h3><div class='special-heading-border'><div class='special-heading-inner-border' ><\/div><\/div><\/div><br \/>\n<section class=\"av_textblock_section \"  itemscope=\"itemscope\" itemtype=\"https:\/\/schema.org\/CreativeWork\" ><div class='avia_textblock  '   itemprop=\"text\" ><p>Soy arquitecta t\u00e9cnica e ingeniera de edificaci\u00f3n, y tengo despacho profesional en Sant Feliu de Gu\u00edxols.<\/p>\n<p>Me dedico principalmente a la direcci\u00f3n de la ejecuci\u00f3n de la obra, el control de calidad y la seguridad en obra.<\/p>\n<p>Estos trabajos pueden comportar desde la asistencia y colaboraci\u00f3n en el proyecto del arquitecto, pasando por la correcta ejecuci\u00f3n de la obra y &nbsp;hasta la realizaci\u00f3n de comparativo de presupuestos y el control econ\u00f3mico de la obra.<\/p>\n<p>Desde siempre, mi radio de trabajo ha sido muy reducido, ya que considero muy importante que la arquitecta t\u00e9cnica de la obra est\u00e9 cercana a esta, para poder realizar un seguimiento adaptado al ritmo y necesidades de la obra.<\/p>\n<p>Principalmente he trabajado en obras de viviendas unifamiliares y plurifamiliares, pero tambi\u00e9n he realizado obra p\u00fablica, comercial y hotelera.<\/p>\n<p>Tambi\u00e9n realizo proyectos t\u00e9cnicos de locales comerciales, piscinas y obras de reforma interior, as\u00ed como rehabilitaciones y reformas en edificios de comunidades de propietarios<\/p>\n<p>Tramito c\u00e9dulas de habitabilidad y certificados energ\u00e9ticos.<\/p>\n<p>Mariona Roca Mic\u00f3, arquitecta t\u00e9cnica<\/p>\n<\/div><\/section><\/p>\n<\/div><\/div><div class=\"flex_cell no_margin av_one_third   \" style='vertical-align:top; padding:30px; background-color:#eaeaea; '><div class='flex_cell_inner' ><p><div style='padding-bottom:10px;' class='av-special-heading av-special-heading-h3     '><h3 class='av-special-heading-tag '  itemprop=\"headline\"  >Who I am \/ What I do<\/h3><div class='special-heading-border'><div class='special-heading-inner-border' ><\/div><\/div><\/div><br \/>\n<section class=\"av_textblock_section \"  itemscope=\"itemscope\" itemtype=\"https:\/\/schema.org\/CreativeWork\" ><div class='avia_textblock  '   itemprop=\"text\" ><div class=\"page\" title=\"Page 1\">\n<div class=\"layoutArea\">\n<div class=\"column\">\n<p>I am a technical architect and construction engineer, and have my office in Sant Feliu de Gu\u00edxols.<\/p>\n<p>I am mainly dedicated to direct the execution of construction work, quality control and safety and health.<br \/>\nThese works involve the assistance and collaboration in the architect\u2019s project, the economic control (advice with the contractors, elaboration of budget comparisons and economic monitoring) and the direction of the execution of the construction work and quality control of the finished construction.<\/p>\n<p>My work radius as always been local. It is very important that the technical architect is close to the building site, so that a proper and constant supervision can be done, adapting to the timings of the building process.<\/p>\n<p>I have mainly worked in housing projects, but also in public promotion works, commercial buildings and hotels.<br \/>\nI also make technical projects of new construction, refurbishing, repair and consolidation of existing construction.<\/p>\n<p>I process habitability certificates and energy certificates.<\/p>\n<\/div>\n<\/div>\n<\/div>\n<p>Mariona Roca Mic\u00f3<\/p>\n<\/div><\/section><\/p>\n<\/div><\/div><\/div><\/div><\/div><\/div><!-- close content main div --><\/div><\/div><div id='av_section_1' class='avia-section main_color avia-section-default avia-no-border-styling avia-bg-style-scroll   av-arrow-down-section container_wrap fullsize' style = 'background-color: #770000; '  ><div class='container' ><div class='template-page content  av-content-full alpha units'><div class='post-entry post-entry-type-page post-entry-21'><div class='entry-content-wrapper clearfix'>\n<div class=\"flex_column av_one_third  flex_column_div first  \" ><div  class=\"avia-animated-number av-force-default-color  avia-color-font-light  avia_animate_when_visible\" ><strong class=\"heading avia-animated-number-title\" ><span class=\"avia-single-number __av-single-number\" data-number=\"21\">21<\/span><\/strong><div class='avia-animated-number-content' ><p>Anys d&#8217;experi\u00e8ncia<br \/>\nA\u00f1os de experiencia<br \/>\nExperience&#8217;s years<\/p>\n<\/div><\/div><\/div><div class=\"flex_column av_one_third  flex_column_div av-zero-column-padding   \" style='border-radius:0px; '><div  class=\"avia-animated-number av-force-default-color  avia-color-font-light  avia_animate_when_visible\" ><strong class=\"heading avia-animated-number-title\" ><span class=\"avia-single-number __av-single-number\" data-number=\"317\">317<\/span><\/strong><div class='avia-animated-number-content' ><p>Obres realitzades<br \/>\nObras realizadas<br \/>\nCompleted works<\/p>\n<\/div><\/div><\/div><div class=\"flex_column av_one_third  flex_column_div av-zero-column-padding   \" style='border-radius:0px; '><div  class=\"avia-animated-number av-force-default-color  avia-color-font-light  avia_animate_when_visible\" ><strong class=\"heading avia-animated-number-title\" ><span class=\"avia-single-number __av-single-number\" data-number=\"2001\">2001<\/span><\/strong><div class='avia-animated-number-content' ><p>Obertura despatx<br \/>\nApertura despacho<br \/>\nOpenning office<\/p>\n<\/div><\/div><\/div>\n<\/p>\n","protected":false},"excerpt":{"rendered":"","protected":false},"author":1,"featured_media":0,"parent":0,"menu_order":0,"comment_status":"open","ping_status":"open","template":"","meta":[],"_links":{"self":[{"href":"https:\/\/marionaroca.net\/index.php?rest_route=\/wp\/v2\/pages\/21"}],"collection":[{"href":"https:\/\/marionaroca.net\/index.php?rest_route=\/wp\/v2\/pages"}],"about":[{"href":"https:\/\/marionaroca.net\/index.php?rest_route=\/wp\/v2\/types\/page"}],"author":[{"embeddable":true,"href":"https:\/\/marionaroca.net\/index.php?rest_route=\/wp\/v2\/users\/1"}],"replies":[{"embeddable":true,"href":"https:\/\/marionaroca.net\/index.php?rest_route=%2Fwp%2Fv2%2Fcomments&post=21"}],"version-history":[{"count":31,"href":"https:\/\/marionaroca.net\/index.php?rest_route=\/wp\/v2\/pages\/21\/revisions"}],"predecessor-version":[{"id":4086,"href":"https:\/\/marionaroca.net\/index.php?rest_route=\/wp\/v2\/pages\/21\/revisions\/4086"}],"wp:attachment":[{"href":"https:\/\/marionaroca.net\/index.php?rest_route=%2Fwp%2Fv2%2Fmedia&parent=21"}],"curies":[{"name":"wp","href":"https:\/\/api.w.org\/{rel}","templated":true}]}}